{"id":158,"date":"2025-02-21T18:52:51","date_gmt":"2025-02-21T18:52:51","guid":{"rendered":"https:\/\/evepelletierpilon.com\/?page_id=158"},"modified":"2026-02-17T20:57:08","modified_gmt":"2026-02-17T20:57:08","slug":"contact","status":"publish","type":"page","link":"https:\/\/evepelletierpilon.com\/contact\/","title":{"rendered":"Contact"},"content":{"rendered":"\t\t<div data-elementor-type=\"wp-page\" data-elementor-id=\"158\" class=\"elementor elementor-158\">\n\t\t\t\t<div class=\"elementor-element elementor-element-9f7e992 e-grid e-con-boxed e-con e-parent\" data-id=\"9f7e992\" data-element_type=\"container\" data-e-type=\"container\">\n\t\t\t\t\t<div class=\"e-con-inner\">\n\t\t\t\t<div class=\"elementor-element elementor-element-4b5631a elementor-widget elementor-widget-google_maps\" data-id=\"4b5631a\" data-element_type=\"widget\" data-e-type=\"widget\" data-widget_type=\"google_maps.default\">\n\t\t\t\t<div class=\"elementor-widget-container\">\n\t\t\t\t\t\t\t<div class=\"elementor-custom-embed\">\n\t\t\t<iframe loading=\"lazy\"\n\t\t\t\t\tsrc=\"https:\/\/maps.google.com\/maps?q=3875%20St-Urbain%20%23409&#038;t=m&#038;z=14&#038;output=embed&#038;iwloc=near\"\n\t\t\t\t\ttitle=\"3875 St-Urbain #409\"\n\t\t\t\t\taria-label=\"3875 St-Urbain #409\"\n\t\t\t><\/iframe>\n\t\t<\/div>\n\t\t\t\t\t\t<\/div>\n\t\t\t\t<\/div>\n\t\t\t\t<div class=\"elementor-element elementor-element-5f8c4bd elementor-widget elementor-widget-link-in-bio\" data-id=\"5f8c4bd\" data-element_type=\"widget\" data-e-type=\"widget\" data-widget_type=\"link-in-bio.default\">\n\t\t\t\t<div class=\"elementor-widget-container\">\n\t\t\t\t\t\t\t<div class=\"e-link-in-bio e-link-in-bio\">\n\t\t\t<div class=\"e-link-in-bio__content\">\n\n\t\t\t\t\t\t<div class=\"e-link-in-bio__identity\">\n\t\t\t\t\t\t\t\t\t<div class=\"e-link-in-bio__identity-image e-link-in-bio__identity-image-profile has-style-circle\">\n\t\t\t\t\t\t\t<img fetchpriority=\"high\" decoding=\"async\" width=\"300\" height=\"180\" src=\"https:\/\/evepelletierpilon.com\/wp-content\/uploads\/2025\/02\/cropped-DSC07863-scaled-1-300x180.jpg\" class=\"e-link-in-bio__identity-image-element\" alt=\"\" srcset=\"https:\/\/evepelletierpilon.com\/wp-content\/uploads\/2025\/02\/cropped-DSC07863-scaled-1-300x180.jpg 300w, https:\/\/evepelletierpilon.com\/wp-content\/uploads\/2025\/02\/cropped-DSC07863-scaled-1-1024x615.jpg 1024w, https:\/\/evepelletierpilon.com\/wp-content\/uploads\/2025\/02\/cropped-DSC07863-scaled-1-768x461.jpg 768w, https:\/\/evepelletierpilon.com\/wp-content\/uploads\/2025\/02\/cropped-DSC07863-scaled-1-1536x922.jpg 1536w, https:\/\/evepelletierpilon.com\/wp-content\/uploads\/2025\/02\/cropped-DSC07863-scaled-1.jpg 2000w\" sizes=\"100vw\" \/>\t\t\t\t\t\t\t\t\t\t\t\t\t<\/div>\n\t\t\t\t\t\t\t<\/div>\n\t\t\t\t\t<div class=\"e-link-in-bio__bio\">\n\t\t\t\t<h2 class=\"e-link-in-bio__heading\">Me contacter<\/h2>\t\t\t\t<h3 class=\"e-link-in-bio__title\">Disponible sur RDV \u00e0 Montr\u00e9al<\/h3>\t\t\t\t\t\t\t\t<p class=\"e-link-in-bio__description\">Cliquez sur les  ic\u00f4nes pour afficher les informations:<\/p>\t\t\t<\/div>\n\t\t\t\t\t<div class=\"e-link-in-bio__icons has-size-small\">\n\t\t\t\t\t\t\t<div class=\"e-link-in-bio__icon is-size-small\">\n\t\t\t\t\t<a target=\"_blank\" rel=\"noopener \" aria-label=\"Facebook\" class=\"e-link-in-bio__icon-link\" href=\"\">\n\t\t\t\t\t\t<span class=\"e-link-in-bio__icon-svg\">\n\t\t\t\t\t\t\t<svg aria-hidden=\"true\" class=\"e-font-icon-svg e-fab-facebook\" viewBox=\"0 0 512 512\" xmlns=\"http:\/\/www.w3.org\/2000\/svg\"><path d=\"M504 256C504 119 393 8 256 8S8 119 8 256c0 123.78 90.69 226.38 209.25 245V327.69h-63V256h63v-54.64c0-62.15 37-96.48 93.67-96.48 27.14 0 55.52 4.84 55.52 4.84v61h-31.28c-30.8 0-40.41 19.12-40.41 38.73V256h68.78l-11 71.69h-57.78V501C413.31 482.38 504 379.78 504 256z\"><\/path><\/svg>\t\t\t\t\t\t<\/span>\n\t\t\t\t\t\t\t\t\t\t\t<\/a>\n\t\t\t\t<\/div>\n\t\t\t\t\t\t\t<div class=\"e-link-in-bio__icon is-size-small\">\n\t\t\t\t\t<a aria-label=\"Telephone\" class=\"e-link-in-bio__icon-link\" href=\"tel:+1438-969-1937\">\n\t\t\t\t\t\t<span class=\"e-link-in-bio__icon-svg\">\n\t\t\t\t\t\t\t<svg aria-hidden=\"true\" class=\"e-font-icon-svg e-fas-phone-alt\" viewBox=\"0 0 512 512\" xmlns=\"http:\/\/www.w3.org\/2000\/svg\"><path d=\"M497.39 361.8l-112-48a24 24 0 0 0-28 6.9l-49.6 60.6A370.66 370.66 0 0 1 130.6 204.11l60.6-49.6a23.94 23.94 0 0 0 6.9-28l-48-112A24.16 24.16 0 0 0 122.6.61l-104 24A24 24 0 0 0 0 48c0 256.5 207.9 464 464 464a24 24 0 0 0 23.4-18.6l24-104a24.29 24.29 0 0 0-14.01-27.6z\"><\/path><\/svg>\t\t\t\t\t\t<\/span>\n\t\t\t\t\t\t\t\t\t\t\t<\/a>\n\t\t\t\t<\/div>\n\t\t\t\t\t\t\t<div class=\"e-link-in-bio__icon is-size-small\">\n\t\t\t\t\t<a aria-label=\"Email\" class=\"e-link-in-bio__icon-link\" href=\"mailto:eve.shiatsu@gmail.com\">\n\t\t\t\t\t\t<span class=\"e-link-in-bio__icon-svg\">\n\t\t\t\t\t\t\t<svg aria-hidden=\"true\" class=\"e-font-icon-svg e-fas-envelope\" viewBox=\"0 0 512 512\" xmlns=\"http:\/\/www.w3.org\/2000\/svg\"><path d=\"M502.3 190.8c3.9-3.1 9.7-.2 9.7 4.7V400c0 26.5-21.5 48-48 48H48c-26.5 0-48-21.5-48-48V195.6c0-5 5.7-7.8 9.7-4.7 22.4 17.4 52.1 39.5 154.1 113.6 21.1 15.4 56.7 47.8 92.2 47.6 35.7.3 72-32.8 92.3-47.6 102-74.1 131.6-96.3 154-113.7zM256 320c23.2.4 56.6-29.2 73.4-41.4 132.7-96.3 142.8-104.7 173.4-128.7 5.8-4.5 9.2-11.5 9.2-18.9v-19c0-26.5-21.5-48-48-48H48C21.5 64 0 85.5 0 112v19c0 7.4 3.4 14.3 9.2 18.9 30.6 23.9 40.7 32.4 173.4 128.7 16.8 12.2 50.2 41.8 73.4 41.4z\"><\/path><\/svg>\t\t\t\t\t\t<\/span>\n\t\t\t\t\t\t\t\t\t\t\t<\/a>\n\t\t\t\t<\/div>\n\t\t\t\t\t<\/div>\n\t\t\n\t\t<div class=\"e-link-in-bio__ctas has-type-button\">\n\t\t\t\t\t\t\t<a href=\"http:\/\/www.gorendezvous.com\/eveshiatsu\" target=\"_blank\" rel=\"noopener \" class=\"e-link-in-bio__cta is-type-button has-corners-rounded\">\n\t\t\t\t\t\t\t\t\t\t<span class=\"e-link-in-bio__cta-text\">\n\t\t\t\t\t\tPrendre Rendez-vous\t\t\t\t\t<\/span>\n\t\t\t\t<\/a>\n\t\t\t\t\t<\/div>\n\t\t\n\t\t\t<\/div>\n\t\t\t<div class=\"e-link-in-bio__bg\">\n\t\t\t\t<div class=\"e-link-in-bio__bg-overlay\"><\/div>\n\t\t\t<\/div>\n\t\t<\/div>\n\t\t\t\t\t\t<\/div>\n\t\t\t\t<\/div>\n\t\t\t\t\t<\/div>\n\t\t\t\t<\/div>\n\t\t<div class=\"elementor-element elementor-element-cf2b19f e-flex e-con-boxed e-con e-parent\" data-id=\"cf2b19f\" data-element_type=\"container\" data-e-type=\"container\">\n\t\t\t\t\t<div class=\"e-con-inner\">\n\t\t\t\t<div class=\"elementor-element elementor-element-4c0d920 elementor-widget elementor-widget-html\" data-id=\"4c0d920\" data-element_type=\"widget\" data-e-type=\"widget\" data-widget_type=\"html.default\">\n\t\t\t\t<div class=\"elementor-widget-container\">\n\t\t\t\t\t<div data-professionalpagename=\"eveshiatsu\" data-bookingwidgeturlparams=\"companyId=103703\" data-language=\"fr\" data-label=\"Prendre un rendez-vous\" data-url=\"https:\/\/www.gorendezvous.com\/\" class=\"gorendezvous-button\" data-buttoncolor=\"info\" data-width=\"280px\" data-height=\"50px\"><a href=\"https:\/\/www.gorendezvous.com\/eveshiatsu?companyId=103703\" target=\"GOrendezvous\">Prendre un rendez-vous<\/a><\/div>\n<script>!function (d, s) { var js, sid = \"gorendezvous-bookingwidget-script\"; var sEl = d.getElementById(sid); if(sEl) { sEl.parentNode.removeChild(sEl); } js = d.createElement(s); js.id = sid; js.src = \"https:\/\/www.gorendezvous.com\/Scripts\/gorendezvous.bookingWidgetV2.min.js?v=\" + (Math.floor(new Date().getTime()\/(1000*60*30))*(1000*60*30)).toString(); d.body.appendChild(js); } (document, \"script\");<\/script>\t\t\t\t<\/div>\n\t\t\t\t<\/div>\n\t\t\t\t\t<\/div>\n\t\t\t\t<\/div>\n\t\t\t\t<\/div>\n\t\t","protected":false},"excerpt":{"rendered":"<p>Me contacter Disponible sur RDV \u00e0 Montr\u00e9al Cliquez sur les ic\u00f4nes pour afficher les informations: Prendre Rendez-vous Prendre un rendez-vous<\/p>\n","protected":false},"author":1,"featured_media":0,"parent":0,"menu_order":0,"comment_status":"closed","ping_status":"closed","template":"","meta":{"footnotes":""},"class_list":["post-158","page","type-page","status-publish","hentry"],"yoast_head":"<!-- This site is optimized with the Yoast SEO plugin v27.5 - https:\/\/yoast.com\/product\/yoast-seo-wordpress\/ -->\n<title>Contact - Eve Pelletier-Pilon Massoth\u00e9rapeute sp\u00e9cialis\u00e9e en douleur chronique et trauma<\/title>\n<meta name=\"robots\" content=\"index, follow, max-snippet:-1, max-image-preview:large, max-video-preview:-1\" \/>\n<link rel=\"canonical\" href=\"https:\/\/evepelletierpilon.com\/contact\/\" \/>\n<meta property=\"og:locale\" content=\"fr_CA\" \/>\n<meta property=\"og:type\" content=\"article\" \/>\n<meta property=\"og:title\" content=\"Contact - Eve Pelletier-Pilon Massoth\u00e9rapeute sp\u00e9cialis\u00e9e en douleur chronique et trauma\" \/>\n<meta property=\"og:description\" content=\"Me contacter Disponible sur RDV \u00e0 Montr\u00e9al Cliquez sur les ic\u00f4nes pour afficher les informations: Prendre Rendez-vous Prendre un rendez-vous\" \/>\n<meta property=\"og:url\" content=\"https:\/\/evepelletierpilon.com\/contact\/\" \/>\n<meta property=\"og:site_name\" content=\"Eve Pelletier-Pilon Massoth\u00e9rapeute sp\u00e9cialis\u00e9e en douleur chronique et trauma\" \/>\n<meta property=\"article:modified_time\" content=\"2026-02-17T20:57:08+00:00\" \/>\n<meta property=\"og:image\" content=\"https:\/\/evepelletierpilon.com\/wp-content\/uploads\/2025\/02\/cropped-DSC07863-scaled-1-300x180.jpg\" \/>\n<meta name=\"twitter:card\" content=\"summary_large_image\" \/>\n<script type=\"application\/ld+json\" class=\"yoast-schema-graph\">{\"@context\":\"https:\\\/\\\/schema.org\",\"@graph\":[{\"@type\":\"WebPage\",\"@id\":\"https:\\\/\\\/evepelletierpilon.com\\\/contact\\\/\",\"url\":\"https:\\\/\\\/evepelletierpilon.com\\\/contact\\\/\",\"name\":\"Contact - Eve Pelletier-Pilon Massoth\u00e9rapeute sp\u00e9cialis\u00e9e en douleur chronique et trauma\",\"isPartOf\":{\"@id\":\"https:\\\/\\\/evepelletierpilon.com\\\/#website\"},\"primaryImageOfPage\":{\"@id\":\"https:\\\/\\\/evepelletierpilon.com\\\/contact\\\/#primaryimage\"},\"image\":{\"@id\":\"https:\\\/\\\/evepelletierpilon.com\\\/contact\\\/#primaryimage\"},\"thumbnailUrl\":\"https:\\\/\\\/evepelletierpilon.com\\\/wp-content\\\/uploads\\\/2025\\\/02\\\/cropped-DSC07863-scaled-1-300x180.jpg\",\"datePublished\":\"2025-02-21T18:52:51+00:00\",\"dateModified\":\"2026-02-17T20:57:08+00:00\",\"breadcrumb\":{\"@id\":\"https:\\\/\\\/evepelletierpilon.com\\\/contact\\\/#breadcrumb\"},\"inLanguage\":\"fr-CA\",\"potentialAction\":[{\"@type\":\"ReadAction\",\"target\":[\"https:\\\/\\\/evepelletierpilon.com\\\/contact\\\/\"]}]},{\"@type\":\"ImageObject\",\"inLanguage\":\"fr-CA\",\"@id\":\"https:\\\/\\\/evepelletierpilon.com\\\/contact\\\/#primaryimage\",\"url\":\"https:\\\/\\\/evepelletierpilon.com\\\/wp-content\\\/uploads\\\/2025\\\/02\\\/cropped-DSC07863-scaled-1.jpg\",\"contentUrl\":\"https:\\\/\\\/evepelletierpilon.com\\\/wp-content\\\/uploads\\\/2025\\\/02\\\/cropped-DSC07863-scaled-1.jpg\",\"width\":2000,\"height\":1201},{\"@type\":\"BreadcrumbList\",\"@id\":\"https:\\\/\\\/evepelletierpilon.com\\\/contact\\\/#breadcrumb\",\"itemListElement\":[{\"@type\":\"ListItem\",\"position\":1,\"name\":\"Accueil\",\"item\":\"https:\\\/\\\/evepelletierpilon.com\\\/\"},{\"@type\":\"ListItem\",\"position\":2,\"name\":\"Contact\"}]},{\"@type\":\"WebSite\",\"@id\":\"https:\\\/\\\/evepelletierpilon.com\\\/#website\",\"url\":\"https:\\\/\\\/evepelletierpilon.com\\\/\",\"name\":\"Eve Pelletier-Pilon Massoth\u00e9rapeute sp\u00e9cialis\u00e9e en douleur chronique et traumatismes\",\"description\":\"Pour lib\u00e9rer le corps des s\u00e9quelles d&#039;accidents, de chutes, de traumatismes, d&#039;op\u00e9ration, de perte de mobilit\u00e9\",\"potentialAction\":[{\"@type\":\"SearchAction\",\"target\":{\"@type\":\"EntryPoint\",\"urlTemplate\":\"https:\\\/\\\/evepelletierpilon.com\\\/?s={search_term_string}\"},\"query-input\":{\"@type\":\"PropertyValueSpecification\",\"valueRequired\":true,\"valueName\":\"search_term_string\"}}],\"inLanguage\":\"fr-CA\"}]}<\/script>\n<!-- \/ Yoast SEO plugin. -->","yoast_head_json":{"title":"Contact - Eve Pelletier-Pilon Massoth\u00e9rapeute sp\u00e9cialis\u00e9e en douleur chronique et trauma","robots":{"index":"index","follow":"follow","max-snippet":"max-snippet:-1","max-image-preview":"max-image-preview:large","max-video-preview":"max-video-preview:-1"},"canonical":"https:\/\/evepelletierpilon.com\/contact\/","og_locale":"fr_CA","og_type":"article","og_title":"Contact - Eve Pelletier-Pilon Massoth\u00e9rapeute sp\u00e9cialis\u00e9e en douleur chronique et trauma","og_description":"Me contacter Disponible sur RDV \u00e0 Montr\u00e9al Cliquez sur les ic\u00f4nes pour afficher les informations: Prendre Rendez-vous Prendre un rendez-vous","og_url":"https:\/\/evepelletierpilon.com\/contact\/","og_site_name":"Eve Pelletier-Pilon Massoth\u00e9rapeute sp\u00e9cialis\u00e9e en douleur chronique et trauma","article_modified_time":"2026-02-17T20:57:08+00:00","og_image":[{"url":"https:\/\/evepelletierpilon.com\/wp-content\/uploads\/2025\/02\/cropped-DSC07863-scaled-1-300x180.jpg","type":"","width":"","height":""}],"twitter_card":"summary_large_image","schema":{"@context":"https:\/\/schema.org","@graph":[{"@type":"WebPage","@id":"https:\/\/evepelletierpilon.com\/contact\/","url":"https:\/\/evepelletierpilon.com\/contact\/","name":"Contact - Eve Pelletier-Pilon Massoth\u00e9rapeute sp\u00e9cialis\u00e9e en douleur chronique et trauma","isPartOf":{"@id":"https:\/\/evepelletierpilon.com\/#website"},"primaryImageOfPage":{"@id":"https:\/\/evepelletierpilon.com\/contact\/#primaryimage"},"image":{"@id":"https:\/\/evepelletierpilon.com\/contact\/#primaryimage"},"thumbnailUrl":"https:\/\/evepelletierpilon.com\/wp-content\/uploads\/2025\/02\/cropped-DSC07863-scaled-1-300x180.jpg","datePublished":"2025-02-21T18:52:51+00:00","dateModified":"2026-02-17T20:57:08+00:00","breadcrumb":{"@id":"https:\/\/evepelletierpilon.com\/contact\/#breadcrumb"},"inLanguage":"fr-CA","potentialAction":[{"@type":"ReadAction","target":["https:\/\/evepelletierpilon.com\/contact\/"]}]},{"@type":"ImageObject","inLanguage":"fr-CA","@id":"https:\/\/evepelletierpilon.com\/contact\/#primaryimage","url":"https:\/\/evepelletierpilon.com\/wp-content\/uploads\/2025\/02\/cropped-DSC07863-scaled-1.jpg","contentUrl":"https:\/\/evepelletierpilon.com\/wp-content\/uploads\/2025\/02\/cropped-DSC07863-scaled-1.jpg","width":2000,"height":1201},{"@type":"BreadcrumbList","@id":"https:\/\/evepelletierpilon.com\/contact\/#breadcrumb","itemListElement":[{"@type":"ListItem","position":1,"name":"Accueil","item":"https:\/\/evepelletierpilon.com\/"},{"@type":"ListItem","position":2,"name":"Contact"}]},{"@type":"WebSite","@id":"https:\/\/evepelletierpilon.com\/#website","url":"https:\/\/evepelletierpilon.com\/","name":"Eve Pelletier-Pilon Massoth\u00e9rapeute sp\u00e9cialis\u00e9e en douleur chronique et traumatismes","description":"Pour lib\u00e9rer le corps des s\u00e9quelles d&#039;accidents, de chutes, de traumatismes, d&#039;op\u00e9ration, de perte de mobilit\u00e9","potentialAction":[{"@type":"SearchAction","target":{"@type":"EntryPoint","urlTemplate":"https:\/\/evepelletierpilon.com\/?s={search_term_string}"},"query-input":{"@type":"PropertyValueSpecification","valueRequired":true,"valueName":"search_term_string"}}],"inLanguage":"fr-CA"}]}},"_links":{"self":[{"href":"https:\/\/evepelletierpilon.com\/wp-json\/wp\/v2\/pages\/158","targetHints":{"allow":["GET"]}}],"collection":[{"href":"https:\/\/evepelletierpilon.com\/wp-json\/wp\/v2\/pages"}],"about":[{"href":"https:\/\/evepelletierpilon.com\/wp-json\/wp\/v2\/types\/page"}],"author":[{"embeddable":true,"href":"https:\/\/evepelletierpilon.com\/wp-json\/wp\/v2\/users\/1"}],"replies":[{"embeddable":true,"href":"https:\/\/evepelletierpilon.com\/wp-json\/wp\/v2\/comments?post=158"}],"version-history":[{"count":16,"href":"https:\/\/evepelletierpilon.com\/wp-json\/wp\/v2\/pages\/158\/revisions"}],"predecessor-version":[{"id":231,"href":"https:\/\/evepelletierpilon.com\/wp-json\/wp\/v2\/pages\/158\/revisions\/231"}],"wp:attachment":[{"href":"https:\/\/evepelletierpilon.com\/wp-json\/wp\/v2\/media?parent=158"}],"curies":[{"name":"wp","href":"https:\/\/api.w.org\/{rel}","templated":true}]}}